{"id":35,"date":"2024-10-14T18:02:54","date_gmt":"2024-10-14T21:02:54","guid":{"rendered":"https:\/\/edisabato.online\/matematica32\/?page_id=35"},"modified":"2024-10-14T18:07:09","modified_gmt":"2024-10-14T21:07:09","slug":"35-2","status":"publish","type":"page","link":"https:\/\/edisabato.online\/matematica32\/35-2\/","title":{"rendered":"N\u00fameros Irracionales"},"content":{"rendered":"\n<p>N\u00fameros irracionales&nbsp;<\/p>\n\n\n\n<h1 class=\"wp-block-heading\"><strong>Que es un numero IRRACIONAL&nbsp;<\/strong><\/h1>\n\n\n\n<p>Los n\u00fameros irracionales pueden definirse como aquellos cuya expresi\u00f3n decimal contiene infinitas cifras decimales no peri\u00f3dicas\u00a0 no pueden expresarse en forma de fracci\u00f3n porque cuentan con cifras decimales no peri\u00f3dicas de manera interminable o infinita<\/p>\n\n\n\n<h2 class=\"wp-block-heading\">Para qu\u00e9 sirven los n\u00fameros irracionales\u00a0<\/h2>\n\n\n\n<p>Los n\u00fameros irracionales sirven para calcular probabilidades. Se usa el numero irracional e dentro de la teor\u00eda de las probabilidades para determinar los resultados posibles frente a un evento para determinar los resultados posibles frente a un evento determinado<\/p>\n\n\n\n<h2 class=\"wp-block-heading\">Cuales son los n\u00fameros irracionales m\u00e1s importantes\u00a0<\/h2>\n\n\n\n<p>Tres irracionales famosos. Hay tres n\u00fameros irracionales cuyas aplicaciones,tanto en matematicas como en otras disciplinas, son tan numerosas e importantes que podr\u00edamos&nbsp; denominarlos como los irracionales mas famosos.son los n\u00fameros p (pi), e, f (fi),llamados n\u00fameros pi , numero e y n\u00famero oro&nbsp;<\/p>\n\n\n\n<h2 class=\"wp-block-heading\">Donde se usan los n\u00fameros irracionales&nbsp;<\/h2>\n\n\n\n<p>Nos permiten expresar : el dinero adeudado , la temperatura bajo cero, las profundidades con respecto&nbsp; al nivel del mar, etc&nbsp; se usa el numero irracional e dentro de la teor\u00eda de las probabilidades para determinar los resultados posibles frente a un evento determinado&nbsp;<\/p>\n\n\n\n<h2 class=\"wp-block-heading\">Que pasar\u00eda si no existieran los n\u00fameros irracionales&nbsp;<\/h2>\n\n\n\n<p>No podr\u00edamos medir cosas de forma precisa, no podr\u00edamos tener un sueldo, sacar dinero del banco o comprar cosas. La ciencia se veria tambi\u00e9n afectada porque las matematicas dejar\u00edan de existir&nbsp;<\/p>\n\n\n\n<h2 class=\"wp-block-heading\">Como se crearon los n\u00fameros irracionales&nbsp;<\/h2>\n\n\n\n<p>No se sabe exactamente cuando surgieron los n\u00fameros irracionales, pero su origen se achaca al supuesto descubrimiento de magnitudes inconmensurables por los antiguos pitag\u00f3ricos&nbsp;<\/p>\n\n\n\n<figure class=\"wp-block-embed\"><div class=\"wp-block-embed__wrapper\">\nhttps:\/\/youtu.be\/7A3LQqFMSoY?SI=XQ0gmcwJ0NzdOuG0\n<\/div><\/figure>\n\n\n\n<figure class=\"wp-block-embed is-type-video is-provider-youtube wp-block-embed-youtube wp-embed-aspect-16-9 wp-has-aspect-ratio\"><div class=\"wp-block-embed__wrapper\">\n<iframe loading=\"lazy\" title=\"Suma y resta de irracionales - radicales\" width=\"500\" height=\"281\" src=\"https:\/\/www.youtube.com\/embed\/AEWb3MqakC8?feature=oembed\" frameborder=\"0\" allow=\"accelerometer; autoplay; clipboard-write; encrypted-media; gyroscope; picture-in-picture; web-share\" referrerpolicy=\"strict-origin-when-cross-origin\" allowfullscreen><\/iframe>\n<\/div><\/figure>\n\n\n\n<figure class=\"wp-block-embed\"><div class=\"wp-block-embed__wrapper\">\nhttps:\/\/www.youtube.com\/watch?v=hgW2erVQj-Q\n<\/div><\/figure>\n\n\n\n<figure class=\"wp-block-embed\"><div class=\"wp-block-embed__wrapper\">\nhttps:\/\/www:youtube:com\/watch?v=dylOlnnL5FI\n<\/div><\/figure>\n","protected":false},"excerpt":{"rendered":"<p>N\u00fameros irracionales&nbsp; Que es un numero IRRACIONAL&nbsp; Los n\u00fameros irracionales pueden definirse como aquellos cuya expresi\u00f3n decimal contiene infinitas cifras decimales no peri\u00f3dicas\u00a0 no pueden expresarse en forma de fracci\u00f3n porque cuentan con cifras decimales no peri\u00f3dicas de manera interminable o infinita Para qu\u00e9 sirven los n\u00fameros irracionales\u00a0 Los n\u00fameros irracionales sirven para calcular probabilidades. [&hellip;]<\/p>\n","protected":false},"author":1,"featured_media":0,"parent":0,"menu_order":0,"comment_status":"closed","ping_status":"closed","template":"","meta":{"footnotes":""},"class_list":["post-35","page","type-page","status-publish","hentry"],"_links":{"self":[{"href":"https:\/\/edisabato.online\/matematica32\/wp-json\/wp\/v2\/pages\/35"}],"collection":[{"href":"https:\/\/edisabato.online\/matematica32\/wp-json\/wp\/v2\/pages"}],"about":[{"href":"https:\/\/edisabato.online\/matematica32\/wp-json\/wp\/v2\/types\/page"}],"author":[{"embeddable":true,"href":"https:\/\/edisabato.online\/matematica32\/wp-json\/wp\/v2\/users\/1"}],"replies":[{"embeddable":true,"href":"https:\/\/edisabato.online\/matematica32\/wp-json\/wp\/v2\/comments?post=35"}],"version-history":[{"count":7,"href":"https:\/\/edisabato.online\/matematica32\/wp-json\/wp\/v2\/pages\/35\/revisions"}],"predecessor-version":[{"id":42,"href":"https:\/\/edisabato.online\/matematica32\/wp-json\/wp\/v2\/pages\/35\/revisions\/42"}],"wp:attachment":[{"href":"https:\/\/edisabato.online\/matematica32\/wp-json\/wp\/v2\/media?parent=35"}],"curies":[{"name":"wp","href":"https:\/\/api.w.org\/{rel}","templated":true}]}}