{"id":31,"date":"2024-10-14T17:56:11","date_gmt":"2024-10-14T20:56:11","guid":{"rendered":"https:\/\/edisabato.online\/matematica32\/?page_id=31"},"modified":"2024-10-14T17:58:33","modified_gmt":"2024-10-14T20:58:33","slug":"numeros-naturales","status":"publish","type":"page","link":"https:\/\/edisabato.online\/matematica32\/numeros-naturales\/","title":{"rendered":"n\u00fameros naturales"},"content":{"rendered":"\n<p><strong><em>.Conjunto de n\u00fameros naturales<\/em><\/strong><\/p>\n\n\n\n<p>El Conjunto de n\u00fameros naturales , es un conjunto de n\u00fameros que se utiliza comunmente para contar y ordenar. dependiendo del contexto, puede incluir o no el cero. <\/p>\n\n\n\n<h2 class=\"wp-block-heading\">hay dos definiciones principales:<\/h2>\n\n\n\n<p>1**conjunto de n\u00fameros naturales incluyendo el cero ** este conjunto se nota com\u00fanmente como N 0 o N U, y se representa como (0,1,2,3,4.) aqu\u00ed, el cero se considera un numero natural.<\/p>\n\n\n\n<p>2**conjunto de n\u00fameros excluyendo el cero** en algunos contextos , especialmente en matematicas puras ,el conjunto de n\u00fameros naturales se anota como N y se representa como (1,2,3,4) en este caso se asume que el conjunto comienza con 1 y no incluye el cero.&nbsp;<\/p>\n\n\n\n<p>\uf0b7&nbsp; <strong>Conjunto de N\u00fameros Naturales Simples<\/strong>: {1,2,3,4,5,\u2026}\\{1, 2, 3, 4, 5, \\ldots\\}{1,2,3,4,5,\u2026} Este es el conjunto cl\u00e1sico que incluye todos los n\u00fameros enteros positivos a partir del 1.<\/p>\n\n\n\n<p>\uf0b7&nbsp; <strong>Conjunto de N\u00fameros Naturales hasta un n\u00famero espec\u00edfico<\/strong>: {1,2,3,4,5}\\{1, 2, 3, 4, 5\\}{1,2,3,4,5} En este caso, el conjunto incluye los n\u00fameros naturales desde 1 hasta 5.<\/p>\n\n\n\n<p>\uf0b7&nbsp; <strong>Conjunto de N\u00fameros Naturales pares<\/strong>: {2,4,6,8,10,\u2026}\\{2, 4, 6, 8, 10,&nbsp; ldots\\}{2,4,6,8,10,\u2026} Este conjunto incluye todos los n\u00fameros naturales que son m\u00faltiplos de 2.<\/p>\n\n\n\n<p>\uf0b7&nbsp; <strong>Conjunto de N\u00fameros Naturales impares<\/strong>: {1,3,5,7,9,\u2026}\\{1, 3, 5, 7, 9, \\ldots\\}{1,3,5,7,9,\u2026} Este conjunto incluye todos los n\u00fameros naturales que no son m\u00faltiplos de 2.&nbsp;<\/p>\n\n\n\n<p>\uf0b7&nbsp; <strong>Conjunto de N\u00fameros Naturales mayores que un n\u00famero espec\u00edfico<\/strong>: {6,7,8,9,10,\u2026}\\{6, 7, 8, 9, 10, \\ldots\\}{6,7,8,9,10,\u2026} Este conjunto incluye todos los n\u00fameros naturales que son mayores que 5.<\/p>\n\n\n\n<p>\uf0b7&nbsp; <strong>Conjunto de N\u00fameros Naturales en un rango espec\u00edfico<\/strong>: {3,4,5,6,7}\\{3, 4, 5, 6, 7\\}{3,4,5,6,7} Este conjunto incluye n\u00fameros naturales entre 3 y 7, inclusive.<\/p>\n\n\n\n<p>Estos conjuntos de n\u00fameros naturales pueden usarse para diferentes prop\u00f3sitos en matematicas y en aplicaciones practicas, como contar, ordenar, clasificar.<\/p>\n","protected":false},"excerpt":{"rendered":"<p>.Conjunto de n\u00fameros naturales El Conjunto de n\u00fameros naturales , es un conjunto de n\u00fameros que se utiliza comunmente para contar y ordenar. dependiendo del contexto, puede incluir o no el cero. hay dos definiciones principales: 1**conjunto de n\u00fameros naturales incluyendo el cero ** este conjunto se nota com\u00fanmente como N 0 o N U, [&hellip;]<\/p>\n","protected":false},"author":1,"featured_media":0,"parent":0,"menu_order":0,"comment_status":"closed","ping_status":"closed","template":"","meta":{"footnotes":""},"class_list":["post-31","page","type-page","status-publish","hentry"],"_links":{"self":[{"href":"https:\/\/edisabato.online\/matematica32\/wp-json\/wp\/v2\/pages\/31"}],"collection":[{"href":"https:\/\/edisabato.online\/matematica32\/wp-json\/wp\/v2\/pages"}],"about":[{"href":"https:\/\/edisabato.online\/matematica32\/wp-json\/wp\/v2\/types\/page"}],"author":[{"embeddable":true,"href":"https:\/\/edisabato.online\/matematica32\/wp-json\/wp\/v2\/users\/1"}],"replies":[{"embeddable":true,"href":"https:\/\/edisabato.online\/matematica32\/wp-json\/wp\/v2\/comments?post=31"}],"version-history":[{"count":2,"href":"https:\/\/edisabato.online\/matematica32\/wp-json\/wp\/v2\/pages\/31\/revisions"}],"predecessor-version":[{"id":33,"href":"https:\/\/edisabato.online\/matematica32\/wp-json\/wp\/v2\/pages\/31\/revisions\/33"}],"wp:attachment":[{"href":"https:\/\/edisabato.online\/matematica32\/wp-json\/wp\/v2\/media?parent=31"}],"curies":[{"name":"wp","href":"https:\/\/api.w.org\/{rel}","templated":true}]}}