{"id":29,"date":"2024-10-14T17:53:30","date_gmt":"2024-10-14T20:53:30","guid":{"rendered":"https:\/\/edisabato.online\/matematica32\/?page_id=29"},"modified":"2024-10-14T17:53:30","modified_gmt":"2024-10-14T20:53:30","slug":"numeros-enteros","status":"publish","type":"page","link":"https:\/\/edisabato.online\/matematica32\/numeros-enteros\/","title":{"rendered":"N\u00fameros Enteros"},"content":{"rendered":"\n<h2 class=\"wp-block-heading has-large-font-size\">Venimos a contarles lo que son los N\u00fameros Enteros<\/h2>\n\n\n\n<p>Los N\u00fameros Enteros<\/p>\n\n\n\n<p>Los n\u00fameros enteros son aquellos n\u00fameros positivos y negativos<em> (incluido el cero)<\/em> que no tienen parte decimal dentro de su estructura, estos son ejemplos de los n\u00fameros enteros 5, 22, 8, 7, 3, 14, -7, 5, el t\u00e9rmino deriva del n\u00famero latino y se representa con la letra Z.<\/p>\n\n\n\n<p>Todo n\u00famero entero que este a la derecha de otro en la recta num\u00e9rica, es mayor que \u00e9l. Todo n\u00famero entero que este a la izquierda de otro en la recta num\u00e9rica, es menor que \u00e9l. Todo numero negativo es menor que cero. Todo n\u00famero positivo es mayor que cero.<\/p>\n\n\n\n<h2 class=\"wp-block-heading has-text-align-center\">EJEMPLO de Recta num\u00e9rica:<\/h2>\n\n\n\n<figure class=\"wp-block-image\"><img decoding=\"async\" src=\"https:\/\/lh7-rt.googleusercontent.com\/docsz\/AD_4nXc40poKMolSM0j6vO2QrL1UvSWbkoacc8G3STXDQODTAOh8v0LbzUN7QOWtCGrjcKQ8vQlS3azPGApgaDaxKExxLJ70YsIaye6pkhEH_NUUHBab1w1qlkKXaOcNv4tI0b44bnFmk5QCtaJYaGoSN0k3RNycZUAi06YQ8_AFtFpakEghGihYQA?key=qlY1l0slX_-0lPiZNSw5vw\" alt=\"N\u00fameros enteros: Recta Num\u00e9rica \u2013 GeoGebra\"\/><\/figure>\n\n\n\n<p><strong>Video de ejemplo:<\/strong><\/p>\n\n\n\n<figure class=\"wp-block-embed is-type-video is-provider-youtube wp-block-embed-youtube wp-embed-aspect-16-9 wp-has-aspect-ratio\"><div class=\"wp-block-embed__wrapper\">\n<iframe loading=\"lazy\" title=\"\ud83d\udd36 Qu\u00e9 son los N\u00daMEROS ENTEROS y para qu\u00e9 sirven.\" width=\"500\" height=\"281\" src=\"https:\/\/www.youtube.com\/embed\/5HE66809NYI?feature=oembed\" frameborder=\"0\" allow=\"accelerometer; autoplay; clipboard-write; encrypted-media; gyroscope; picture-in-picture; web-share\" referrerpolicy=\"strict-origin-when-cross-origin\" allowfullscreen><\/iframe>\n<\/div><\/figure>\n\n\n\n<p><strong>ejemplo de multiplicacion:<\/strong><\/p>\n\n\n\n<p>2 x 2 = 4<\/p>\n\n\n\n<p>2 x -2 = -4<\/p>\n\n\n\n<p><strong>Ejemplo de divisi\u00f3n:<\/strong><\/p>\n\n\n\n<p>10 : 2 = 5<\/p>\n\n\n\n<p>10 : -2 = -5<\/p>\n\n\n\n<p>-10 : 2 = -5<\/p>\n\n\n\n<p>GRUPO 1&nbsp;<\/p>\n\n\n\n<p>Hola somos el grupo de los n\u00fameros enteros, nuestros nombres son:<\/p>\n\n\n\n<p>Tomas, Mateo y Lisandro&nbsp;<\/p>\n","protected":false},"excerpt":{"rendered":"<p>Venimos a contarles lo que son los N\u00fameros Enteros Los N\u00fameros Enteros Los n\u00fameros enteros son aquellos n\u00fameros positivos y negativos (incluido el cero) que no tienen parte decimal dentro de su estructura, estos son ejemplos de los n\u00fameros enteros 5, 22, 8, 7, 3, 14, -7, 5, el t\u00e9rmino deriva del n\u00famero latino y [&hellip;]<\/p>\n","protected":false},"author":1,"featured_media":0,"parent":0,"menu_order":0,"comment_status":"closed","ping_status":"closed","template":"","meta":{"footnotes":""},"class_list":["post-29","page","type-page","status-publish","hentry"],"_links":{"self":[{"href":"https:\/\/edisabato.online\/matematica32\/wp-json\/wp\/v2\/pages\/29"}],"collection":[{"href":"https:\/\/edisabato.online\/matematica32\/wp-json\/wp\/v2\/pages"}],"about":[{"href":"https:\/\/edisabato.online\/matematica32\/wp-json\/wp\/v2\/types\/page"}],"author":[{"embeddable":true,"href":"https:\/\/edisabato.online\/matematica32\/wp-json\/wp\/v2\/users\/1"}],"replies":[{"embeddable":true,"href":"https:\/\/edisabato.online\/matematica32\/wp-json\/wp\/v2\/comments?post=29"}],"version-history":[{"count":1,"href":"https:\/\/edisabato.online\/matematica32\/wp-json\/wp\/v2\/pages\/29\/revisions"}],"predecessor-version":[{"id":30,"href":"https:\/\/edisabato.online\/matematica32\/wp-json\/wp\/v2\/pages\/29\/revisions\/30"}],"wp:attachment":[{"href":"https:\/\/edisabato.online\/matematica32\/wp-json\/wp\/v2\/media?parent=29"}],"curies":[{"name":"wp","href":"https:\/\/api.w.org\/{rel}","templated":true}]}}