{"id":13,"date":"2024-10-07T17:28:15","date_gmt":"2024-10-07T20:28:15","guid":{"rendered":"https:\/\/edisabato.online\/matematica32\/?page_id=13"},"modified":"2024-10-07T17:30:07","modified_gmt":"2024-10-07T20:30:07","slug":"inicio","status":"publish","type":"page","link":"https:\/\/edisabato.online\/matematica32\/inicio\/","title":{"rendered":"Inicio\u00a0"},"content":{"rendered":"\n<p><img decoding=\"async\" src=\"https:\/\/lh7-rt.googleusercontent.com\/docsz\/AD_4nXcijyXyVszhnFcKAHUmVHP9VCmDmHvvK4XurCR0Ot5aR6n--EvB75s1B9ljNhvb6EKwcEmoIQ-ZXE1F5zpezfe6fm6CZkHZlU_6UhvVZxLX2-GP6pHRrxs5Y0DGPqhtICy4EmF5gO0AFaRZYMz-57oCiBaL1oUFXSj6a-2XeF1I64UhIuI_5w?key=q3DwzduGBQ9EtNjwcLzrzQ\" alt=\"1.531.300+ Matematicas Fotograf\u00edas de stock, fotos e im\u00e1genes libres de  derechos - iStock | Numeros, Geometria, Suma\" style=\"\"><\/p>\n\n\n\n<p><em>\u00bfQu\u00e9 es E.D.I?<\/em>\u00a0<\/p>\n\n\n\n<p>El <strong>Espacio de Definici\u00f3n Institucional (E.D.I.)<\/strong> es un marco dise\u00f1ado para establecer y organizar las bases fundamentales de las instituciones dentro de un entorno espec\u00edfico. Su prop\u00f3sito principal es definir claramente la estructura, los roles y las normas que guiar\u00e1n el funcionamiento de estas instituciones. Este espacio abarca aspectos esenciales como los objetivos y metas institucionales, la normativa operativa y los procedimientos a seguir, promoviendo as\u00ed una organizaci\u00f3n y gesti\u00f3n m\u00e1s eficiente.<\/p>\n\n\n\n<p>El E.D.I. facilita la claridad en la misi\u00f3n y visi\u00f3n de cada instituci\u00f3n, alinear sus actividades con sus objetivos estrat\u00e9gicos, y asegurar que las normas y pol\u00edticas se mantengan consistentes. Adem\u00e1s, mejora la coordinaci\u00f3n entre distintas instituciones, asegurando que trabajen de manera integrada y coherente dentro del sistema en el que operan. En resumen, el E.D.I. es crucial para el dise\u00f1o y la administraci\u00f3n efectiva de instituciones en diversos contextos, permitiendo su adaptaci\u00f3n a cambios y optimizando su funcionamiento.&nbsp;<\/p>\n\n\n\n<p>En resumen, El <strong>Espacio de Definici\u00f3n Institucional (E.D.I.)<\/strong> establece las bases, estructuras y normas para el funcionamiento de las instituciones dentro de un sistema.&nbsp;<\/p>\n\n\n\n<p><em>\u00bfQue son las Matem\u00e1ticas?<\/em><\/p>\n\n\n\n<p>Las matem\u00e1ticas son un lenguaje universal que nos permite comprender y describir el mundo que nos rodea. Desde la antig\u00fcedad, han sido fundamentales en la resoluci\u00f3n de problemas y en la creaci\u00f3n de teor\u00edas que explican fen\u00f3menos naturales. A trav\u00e9s de conceptos como n\u00fameros, geometr\u00eda y \u00e1lgebra, las matem\u00e1ticas nos ofrecen herramientas para analizar patrones, hacer predicciones y desarrollar tecnolog\u00eda. M\u00e1s all\u00e1 de su aplicaci\u00f3n pr\u00e1ctica, tambi\u00e9n son una forma de arte abstracto que estimula la mente y fomenta el pensamiento cr\u00edtico. En esencia, las matem\u00e1ticas no solo nos ayudan a resolver ecuaciones, sino que tambi\u00e9n nos invitan a explorar la belleza y la complejidad del universo.<\/p>\n\n\n\n<p><em>Temas y Grupos:<\/em><\/p>\n\n\n\n<h3 class=\"wp-block-heading\"><strong>P\u00e1gina principal e introducci\u00f3n:<\/strong><\/h3>\n\n\n\n<h3 class=\"wp-block-heading\"><strong>Grupo 1 conformado por: Elias, Rodrigo y Erick<\/strong><\/h3>\n\n\n\n<h3 class=\"wp-block-heading\"><strong>N\u00fameros enteros:<\/strong><\/h3>\n\n\n\n<h3 class=\"wp-block-heading\"><strong>Grupo 2 conformado por: Tomas, Lisandro y Mateo&nbsp;<\/strong><\/h3>\n\n\n\n<h3 class=\"wp-block-heading\"><strong>(Link)<\/strong><\/h3>\n\n\n\n<h3 class=\"wp-block-heading\"><strong>N\u00fameros Naturales:<\/strong><\/h3>\n\n\n\n<h3 class=\"wp-block-heading\"><strong>Grupo 3 conformado por: Federico, Daira y Yandel<\/strong><\/h3>\n\n\n\n<h3 class=\"wp-block-heading\"><strong>(Link)<\/strong><\/h3>\n\n\n\n<h3 class=\"wp-block-heading\"><strong>N\u00fameros irracionales:<\/strong><\/h3>\n\n\n\n<h3 class=\"wp-block-heading\"><strong>Grupo 4 conformado por: Brisa, Lautaro y Cielo<\/strong><\/h3>\n\n\n\n<h3 class=\"wp-block-heading\"><strong>(Link)<\/strong><\/h3>\n\n\n\n<h3 class=\"wp-block-heading\"><strong>N\u00fameros racionales<\/strong><\/h3>\n\n\n\n<h3 class=\"wp-block-heading\"><strong>Grupo 5 conformado por: Abril, Camila y Zoe<\/strong><\/h3>\n\n\n\n<h3 class=\"wp-block-heading\"><strong>(Link)<\/strong><\/h3>\n","protected":false},"excerpt":{"rendered":"<p>\u00bfQu\u00e9 es E.D.I?\u00a0 El Espacio de Definici\u00f3n Institucional (E.D.I.) es un marco dise\u00f1ado para establecer y organizar las bases fundamentales de las instituciones dentro de un entorno espec\u00edfico. Su prop\u00f3sito principal es definir claramente la estructura, los roles y las normas que guiar\u00e1n el funcionamiento de estas instituciones. Este espacio abarca aspectos esenciales como los [&hellip;]<\/p>\n","protected":false},"author":1,"featured_media":0,"parent":0,"menu_order":0,"comment_status":"closed","ping_status":"closed","template":"","meta":{"footnotes":""},"class_list":["post-13","page","type-page","status-publish","hentry"],"_links":{"self":[{"href":"https:\/\/edisabato.online\/matematica32\/wp-json\/wp\/v2\/pages\/13"}],"collection":[{"href":"https:\/\/edisabato.online\/matematica32\/wp-json\/wp\/v2\/pages"}],"about":[{"href":"https:\/\/edisabato.online\/matematica32\/wp-json\/wp\/v2\/types\/page"}],"author":[{"embeddable":true,"href":"https:\/\/edisabato.online\/matematica32\/wp-json\/wp\/v2\/users\/1"}],"replies":[{"embeddable":true,"href":"https:\/\/edisabato.online\/matematica32\/wp-json\/wp\/v2\/comments?post=13"}],"version-history":[{"count":2,"href":"https:\/\/edisabato.online\/matematica32\/wp-json\/wp\/v2\/pages\/13\/revisions"}],"predecessor-version":[{"id":16,"href":"https:\/\/edisabato.online\/matematica32\/wp-json\/wp\/v2\/pages\/13\/revisions\/16"}],"wp:attachment":[{"href":"https:\/\/edisabato.online\/matematica32\/wp-json\/wp\/v2\/media?parent=13"}],"curies":[{"name":"wp","href":"https:\/\/api.w.org\/{rel}","templated":true}]}}